{"id":57,"date":"2023-12-18T17:54:17","date_gmt":"2023-12-18T17:54:17","guid":{"rendered":"https:\/\/wp.samariterverein-buempliz.ch\/?page_id=57"},"modified":"2026-01-10T13:22:06","modified_gmt":"2026-01-10T13:22:06","slug":"verein","status":"publish","type":"page","link":"https:\/\/samariterverein-buempliz.ch\/index.php\/verein\/","title":{"rendered":"Verein"},"content":{"rendered":"\n<h2 class=\"wp-block-heading\">Vereins\u00fcbungen (Beginn 19 Uhr)<\/h2>\n\n\n\n<p class=\"has-text-color has-link-color wp-elements-69681697c1af1864ca31dc45dd9ecd59\" style=\"color:#fe0000\">Vereinslokal: St\u00f6ckackerstrasse 116, 3018 Bern (<a href=\"https:\/\/maps.app.goo.gl\/h6qeMbbTZUL1QJ767\" target=\"_blank\" rel=\"noreferrer noopener\">Ort in Google Maps<\/a>)<\/p>\n\n\n\n<figure class=\"wp-block-table is-style-stripes\"><table><tbody><tr><td>*<\/td><td>Do<\/td><td>29. Januar 2026<\/td><td class=\"has-text-align-left\" data-align=\"left\"><strong><strong>\u00fcbertragbare Krankheiten<\/strong><\/strong><\/td><\/tr><tr><td>*<\/td><td>Fr<\/td><td>13. Februar 2026<\/td><td class=\"has-text-align-left\" data-align=\"left\"><strong>Vereinsversammlung<\/strong>, Rest Kleefeld<br>18:00 Uhr Nachtessen, 19:30 Uhr Versammlung <br>(Anmeldung bis 06. Feb. bei Denise)<\/td><\/tr><tr><td>*<\/td><td>Mi<\/td><td>18. Februar 2026<\/td><td class=\"has-text-align-left\" data-align=\"left\"><strong>Vortrag: &#8222;Hauttumore und Altershaut&#8220;<\/strong><br>20:00 Uhr Kinderspital H\u00f6rsaal 1, <br>ab 19:00 Uhr Calciumbuffett (auch Mo, 19. Januar)<\/td><\/tr><tr><td>*<\/td><td>Do<\/td><td>19. M\u00e4rz 2026<\/td><td class=\"has-text-align-left\" data-align=\"left\"><strong>Wunden<\/strong><\/td><\/tr><tr><td>*<\/td><td>Di<\/td><td>21. April 2026<\/td><td class=\"has-text-align-left\" data-align=\"left\"><strong>Fallbeispiele<\/strong><\/td><\/tr><tr><td>*<\/td><td>Do<\/td><td>28. Mai 2026<\/td><td class=\"has-text-align-left\" data-align=\"left\"><strong>Gef\u00e4hrliche Stoffe<\/strong><\/td><\/tr><tr><td><\/td><td>So<\/td><td>07. Juni 2026<\/td><td class=\"has-text-align-left\" data-align=\"left\"><strong>125 Jahre Samariter B\u00fcmpliz &#8211; Brunch auf dem Gurten<br><\/strong>ab Uhr 10:00 &#8211; Einladung folgt (Anmeldung bis 18. April bei Anita)<\/td><\/tr><tr><td>*<\/td><td>Mi<\/td><td>17. Juni 2026<\/td><td class=\"has-text-align-left\" data-align=\"left\"><strong>Verkehrsunf\u00e4lle<\/strong><\/td><\/tr><tr><td>*<\/td><td>Mo<\/td><td>17. August 2026<\/td><td class=\"has-text-align-left\" data-align=\"left\"><strong>Verbrennungen, Verbr\u00fchungen, Ver\u00e4tzungen und Vergiftungen<\/strong><\/td><\/tr><tr><td>*<\/td><td>Mi<\/td><td>16. Sept 2026<\/td><td class=\"has-text-align-left\" data-align=\"left\"><strong>Urotrakt &#8211; Harnwege<\/strong><\/td><\/tr><tr><td>*<\/td><td>Do<\/td><td>15. Okt 2026<\/td><td class=\"has-text-align-left\" data-align=\"left\"><strong>Erste Hilfe ohne medizinisches Material<\/strong><\/td><\/tr><tr><td><\/td><td>Sa<\/td><td>17. Okt 2026<\/td><td class=\"has-text-align-left\" data-align=\"left\"><strong>Samariterreise mit Partner:in: Fahrt nach Porrentruy<\/strong><br>Abfahrten: XX:XX Nordbahnhof \/ XX:XX Kirche \/ XX:XX Kunstmuseum<br>R\u00fcckkehr B\u00fcmpliz ca XX:XX (Anmeldung bis 09. Okt bei Anita)<\/td><\/tr><tr><td>*<\/td><td>Mo<\/td><td>23. Nov 2026<\/td><td class=\"has-text-align-left\" data-align=\"left\"><strong>Verb\u00e4nde<\/strong><\/td><\/tr><tr><td><\/td><td>Fr<\/td><td>11. Dez 2026<\/td><td class=\"has-text-align-left\" data-align=\"left\"><strong>L\u00e4ngste Krippe im Mittelland in B\u00e4tterkinden inkl Abendessen<\/strong><br>Abfahrten: 16:00 Nordbahnhof \/ 16:00 Kirche <br>(Anmeldung bis 28. Nov bei Denise)<\/td><\/tr><tr><td>*<\/td><td>Di<\/td><td>19. Januar 2027<\/td><td class=\"has-text-align-left\" data-align=\"left\"><strong>Januarloch &#8211; Repe 2026<\/strong><\/td><\/tr><\/tbody><\/table><\/figure>\n\n\n\n<p><\/p>\n\n\n\n<h2 class=\"wp-block-heading\">Stammtisch<\/h2>\n\n\n\n<p>immer Dienstags im Coop Restaurant (09:30 bis 11:00 Uhr)<br><\/p>\n\n\n\n<h2 class=\"wp-block-heading\">Besuche Schwabgutheim<\/h2>\n\n\n\n<p>Montag, xx. Mai 2026, 14:00 bis 16:00 Uhr<br>Montag, xx. Aug\/Sept 2026, 14:00 bis 16:00 Uhr<br><\/p>\n\n\n\n<h2 class=\"wp-block-heading\">Obligatorische Weiterbildung f\u00fcr Sanit\u00e4tsdienstleistende<\/h2>\n\n\n\n<p>Donnerstag, 05. M\u00e4rz 2026 17:30 bis 22:00 Uhr (mit Picknick)<br><br><\/p>\n\n\n\n<p class=\"has-text-color has-link-color wp-elements-0335ca70339c68d0ec97789a55ad4a0b\" style=\"color:#ff0000\">Wir suchen auch immer wieder neue Mitglieder f\u00fcr unseren Verein!<\/p>\n\n\n\n<p>F\u00fchlen sie Sich angesprochen?<br>Dann z\u00f6gern Sie nicht uns zu kontaktieren<\/p>\n","protected":false},"excerpt":{"rendered":"<p>Vereins\u00fcbungen (Beginn 19 Uhr) Vereinslokal: St\u00f6ckackerstrasse 116, 3018 Bern (Ort in Google Maps) * Do 29. Januar 2026 \u00fcbertragbare Krankheiten * Fr 13. Februar 2026 Vereinsversammlung, Rest Kleefeld18:00 Uhr Nachtessen, 19:30 Uhr Versammlung (Anmeldung bis 06. Feb. bei Denise) * Mi 18. Februar 2026 Vortrag: &#8222;Hauttumore und Altershaut&#8220;20:00 Uhr Kinderspital H\u00f6rsaal 1, ab 19:00 Uhr Calciumbuffett (auch Mo, 19. Januar) * Do 19. M\u00e4rz 2026 Wunden * Di 21. April 2026 Fallbeispiele * Do 28. Mai 2026 Gef\u00e4hrliche Stoffe So 07. Juni 2026 125 Jahre Samariter B\u00fcmpliz &#8211; Brunch auf dem Gurtenab Uhr 10:00 &#8211; Einladung folgt (Anmeldung bis 18. April bei Anita) * Mi 17. Juni 2026 Verkehrsunf\u00e4lle * Mo 17. August 2026 Verbrennungen, Verbr\u00fchungen, Ver\u00e4tzungen und Vergiftungen * Mi 16. Sept 2026 Urotrakt &#8211; Harnwege * Do 15. Okt 2026 Erste Hilfe ohne medizinisches Material Sa 17. Okt 2026 Samariterreise mit Partner:in: Fahrt nach PorrentruyAbfahrten: XX:XX Nordbahnhof \/ XX:XX Kirche \/ XX:XX KunstmuseumR\u00fcckkehr B\u00fcmpliz ca XX:XX (Anmeldung bis 09. Okt bei Anita) * Mo 23. Nov 2026 Verb\u00e4nde Fr 11. Dez 2026 L\u00e4ngste Krippe im Mittelland in B\u00e4tterkinden inkl AbendessenAbfahrten: 16:00 Nordbahnhof \/ 16:00 Kirche (Anmeldung bis 28. Nov bei Denise) * Di 19. Januar 2027 Januarloch &#8211; Repe 2026 Stammtisch immer Dienstags im Coop Restaurant (09:30 bis 11:00 Uhr) Besuche Schwabgutheim Montag, xx. Mai 2026, 14:00 bis 16:00 UhrMontag, xx. Aug\/Sept 2026, 14:00 bis 16:00 Uhr Obligatorische Weiterbildung f\u00fcr Sanit\u00e4tsdienstleistende Donnerstag, 05. M\u00e4rz 2026 17:30 bis 22:00 Uhr (mit Picknick) Wir suchen auch immer wieder neue Mitglieder f\u00fcr unseren Verein! F\u00fchlen sie Sich angesprochen?Dann z\u00f6gern Sie nicht uns zu kontaktieren<\/p>\n","protected":false},"author":3,"featured_media":0,"parent":0,"menu_order":0,"comment_status":"closed","ping_status":"closed","template":"","meta":{"footnotes":""},"class_list":["post-57","page","type-page","status-publish","hentry"],"_links":{"self":[{"href":"https:\/\/samariterverein-buempliz.ch\/index.php\/wp-json\/wp\/v2\/pages\/57","targetHints":{"allow":["GET"]}}],"collection":[{"href":"https:\/\/samariterverein-buempliz.ch\/index.php\/wp-json\/wp\/v2\/pages"}],"about":[{"href":"https:\/\/samariterverein-buempliz.ch\/index.php\/wp-json\/wp\/v2\/types\/page"}],"author":[{"embeddable":true,"href":"https:\/\/samariterverein-buempliz.ch\/index.php\/wp-json\/wp\/v2\/users\/3"}],"replies":[{"embeddable":true,"href":"https:\/\/samariterverein-buempliz.ch\/index.php\/wp-json\/wp\/v2\/comments?post=57"}],"version-history":[{"count":23,"href":"https:\/\/samariterverein-buempliz.ch\/index.php\/wp-json\/wp\/v2\/pages\/57\/revisions"}],"predecessor-version":[{"id":431,"href":"https:\/\/samariterverein-buempliz.ch\/index.php\/wp-json\/wp\/v2\/pages\/57\/revisions\/431"}],"wp:attachment":[{"href":"https:\/\/samariterverein-buempliz.ch\/index.php\/wp-json\/wp\/v2\/media?parent=57"}],"curies":[{"name":"wp","href":"https:\/\/api.w.org\/{rel}","templated":true}]}}