{"id":48,"date":"2023-12-18T17:43:03","date_gmt":"2023-12-18T17:43:03","guid":{"rendered":"https:\/\/wp.samariterverein-buempliz.ch\/?page_id=48"},"modified":"2026-02-06T14:46:12","modified_gmt":"2026-02-06T14:46:12","slug":"kurse","status":"publish","type":"page","link":"https:\/\/samariterverein-buempliz.ch\/index.php\/kurse\/","title":{"rendered":"Kurse"},"content":{"rendered":"\n<h2 class=\"wp-block-heading\">Wir bieten folgende Kurse in unserem Verein an:<\/h2>\n\n\n\n<p>&#8211; BLS-AED-SRC Komplett<br>&#8211; First Aid Stufe 1 IVR und Refresher<br>&#8211; First Aid Stufe 2 IVR und Refresher<br>&#8211; Notf\u00e4lle Kinder 0-4 Jahre<br><br><strong>\u00dcber den Button &lt;Online Anmelden> k\u00f6nnen Sie sich direkt f\u00fcr einen unserer Kurse anmelden.<br><\/strong><\/p>\n\n\n\n<p>Bitte beachten sie die <a href=\"https:\/\/samariterverein-buempliz.ch\/wp-content\/uploads\/AGB-Kurse-ab-01.01.24.pdf\" target=\"_blank\" rel=\"noreferrer noopener\">AGB f\u00fcr Kurse<\/a><\/p>\n\n\n\n<h2 class=\"wp-block-heading\"><br>Beschreibung der Kursinhalte<\/h2>\n\n\n\n<p><a href=\"https:\/\/samariterverein-buempliz.ch\/index.php\/kursinhalte\/\" data-type=\"page\" data-id=\"344\">Hier finden Sie einen Kurzbeschrieb der Kurse<\/a><\/p>\n\n\n\n<p><\/p>\n\n\n\n<h2 class=\"wp-block-heading\"><br>Wo finden unsere Kurse statt:<\/h2>\n\n\n\n<p><a href=\"https:\/\/samariterverein-buempliz.ch\/index.php\/kursort\/\" data-type=\"page\" data-id=\"347\">Kursort des Samaritervereins<\/a><\/p>\n\n\n\n<p><\/p>\n\n\n\n<h2 class=\"wp-block-heading\"><br>F\u00fcr weitere Ausk\u00fcnfte:<\/h2>\n\n\n\n<p>Falls Sie Fragen haben bitte kontaktieren Sie uns.<br><\/p>\n\n\n\n<p><\/p>\n\n\n\n<p class=\"has-text-color has-link-color wp-elements-443175fe4e2bb9dbc855568243899136\" style=\"color:#fa0000\"><strong>Nat\u00fcrlich suchen wir auch immer neue Mitglieder!<\/strong><\/p>\n\n\n\n<p class=\"has-black-color has-text-color has-link-color wp-elements-ee3f99b00586b642743d3fe513c6812e\">F\u00fchlen sie Sich angesprochen?<br>Dann z\u00f6gern Sie nicht uns zu kontaktieren.<\/p>\n\n\n\n<p><\/p>\n\n\n\n<p><\/p>\n","protected":false},"excerpt":{"rendered":"<p>Wir bieten folgende Kurse in unserem Verein an: &#8211; BLS-AED-SRC Komplett&#8211; First Aid Stufe 1 IVR und Refresher&#8211; First Aid Stufe 2 IVR und Refresher&#8211; Notf\u00e4lle Kinder 0-4 Jahre \u00dcber den Button &lt;Online Anmelden> k\u00f6nnen Sie sich direkt f\u00fcr einen unserer Kurse anmelden. Bitte beachten sie die AGB f\u00fcr Kurse Beschreibung der Kursinhalte Hier finden Sie einen Kurzbeschrieb der Kurse Wo finden unsere Kurse statt: Kursort des Samaritervereins F\u00fcr weitere Ausk\u00fcnfte: Falls Sie Fragen haben bitte kontaktieren Sie uns. Nat\u00fcrlich suchen wir auch immer neue Mitglieder! F\u00fchlen sie Sich angesprochen?Dann z\u00f6gern Sie nicht uns zu kontaktieren.<\/p>\n","protected":false},"author":3,"featured_media":0,"parent":0,"menu_order":0,"comment_status":"closed","ping_status":"closed","template":"","meta":{"footnotes":""},"class_list":["post-48","page","type-page","status-publish","hentry"],"_links":{"self":[{"href":"https:\/\/samariterverein-buempliz.ch\/index.php\/wp-json\/wp\/v2\/pages\/48","targetHints":{"allow":["GET"]}}],"collection":[{"href":"https:\/\/samariterverein-buempliz.ch\/index.php\/wp-json\/wp\/v2\/pages"}],"about":[{"href":"https:\/\/samariterverein-buempliz.ch\/index.php\/wp-json\/wp\/v2\/types\/page"}],"author":[{"embeddable":true,"href":"https:\/\/samariterverein-buempliz.ch\/index.php\/wp-json\/wp\/v2\/users\/3"}],"replies":[{"embeddable":true,"href":"https:\/\/samariterverein-buempliz.ch\/index.php\/wp-json\/wp\/v2\/comments?post=48"}],"version-history":[{"count":20,"href":"https:\/\/samariterverein-buempliz.ch\/index.php\/wp-json\/wp\/v2\/pages\/48\/revisions"}],"predecessor-version":[{"id":455,"href":"https:\/\/samariterverein-buempliz.ch\/index.php\/wp-json\/wp\/v2\/pages\/48\/revisions\/455"}],"wp:attachment":[{"href":"https:\/\/samariterverein-buempliz.ch\/index.php\/wp-json\/wp\/v2\/media?parent=48"}],"curies":[{"name":"wp","href":"https:\/\/api.w.org\/{rel}","templated":true}]}}