{"id":437,"date":"2026-02-06T13:11:30","date_gmt":"2026-02-06T13:11:30","guid":{"rendered":"https:\/\/samariterverein-buempliz.ch\/?page_id=437"},"modified":"2026-05-10T10:27:23","modified_gmt":"2026-05-10T10:27:23","slug":"referenzen","status":"publish","type":"page","link":"https:\/\/samariterverein-buempliz.ch\/index.php\/referenzen\/","title":{"rendered":"Referenzen"},"content":{"rendered":"\n<p class=\"has-text-align-center\">Folgende Firmen haben einen Kurs bei uns besucht.<\/p>\n\n\n\n<hr class=\"wp-block-separator has-alpha-channel-opacity\"\/>\n\n\n\n<div class=\"wp-block-media-text is-stacked-on-mobile is-vertically-aligned-center\" style=\"grid-template-columns:20% auto\"><figure class=\"wp-block-media-text__media\"><a href=\"https:\/\/www.bfh.ch\/gesundheit\/de\/\" target=\"_blank\" rel=\"BFH\"><img loading=\"lazy\" decoding=\"async\" width=\"281\" height=\"300\" src=\"https:\/\/samariterverein-buempliz.ch\/wp-content\/uploads\/BFH_Logo_A_de_100_RGB-281x300.png\" alt=\"\" class=\"wp-image-439 size-medium\" srcset=\"https:\/\/samariterverein-buempliz.ch\/wp-content\/uploads\/BFH_Logo_A_de_100_RGB-281x300.png 281w, https:\/\/samariterverein-buempliz.ch\/wp-content\/uploads\/BFH_Logo_A_de_100_RGB-961x1024.png 961w, https:\/\/samariterverein-buempliz.ch\/wp-content\/uploads\/BFH_Logo_A_de_100_RGB-768x819.png 768w, https:\/\/samariterverein-buempliz.ch\/wp-content\/uploads\/BFH_Logo_A_de_100_RGB.png 1140w\" sizes=\"auto, (max-width: 281px) 100vw, 281px\" \/><\/a><\/figure><div class=\"wp-block-media-text__content\">\n<p>Kurs: First Aid Stufe 1 IVR Refresher<\/p>\n<\/div><\/div>\n\n\n\n<hr class=\"wp-block-separator has-alpha-channel-opacity\"\/>\n\n\n\n<div class=\"wp-block-media-text is-stacked-on-mobile\" style=\"grid-template-columns:20% auto\"><figure class=\"wp-block-media-text__media\"><a href=\"https:\/\/www.elektro-material.ch\/\" target=\"_blank\" rel=\"EM\"><img loading=\"lazy\" decoding=\"async\" width=\"1024\" height=\"694\" src=\"https:\/\/samariterverein-buempliz.ch\/wp-content\/uploads\/EM-Logo-1024x694.png\" alt=\"\" class=\"wp-image-468 size-medium\" srcset=\"https:\/\/samariterverein-buempliz.ch\/wp-content\/uploads\/EM-Logo-1024x694.png 1024w, https:\/\/samariterverein-buempliz.ch\/wp-content\/uploads\/EM-Logo-300x203.png 300w, https:\/\/samariterverein-buempliz.ch\/wp-content\/uploads\/EM-Logo-768x521.png 768w, https:\/\/samariterverein-buempliz.ch\/wp-content\/uploads\/EM-Logo-1140x773.png 1140w, https:\/\/samariterverein-buempliz.ch\/wp-content\/uploads\/EM-Logo.png 1410w\" sizes=\"auto, (max-width: 1024px) 100vw, 1024px\" \/><\/a><\/figure><div class=\"wp-block-media-text__content\">\n<p>Kurs: Individualkurs<\/p>\n\n\n\n<hr class=\"wp-block-separator has-alpha-channel-opacity\"\/>\n\n\n\n<p class=\"has-small-font-size\" style=\"font-style:italic;font-weight:400\"><strong>Feedback:<\/strong><br><strong>Wir sind ein Elektrogrossist und kreieren mit dem Samariterverein immer Berufsspezifische Praxis\u00fcbungen im Bereich Logistik.<br>In der Regel wird der Kurs von Denise Tschannen geleitet, sie gestaltet den Kurs immer sehr abwechslungsreich, kompetent und interessant, es wird nicht langweilig und wir lernen bei jeder \u00dcbung immer wieder etwas Neues dazu. Wir bleiben dabei und werden weiterhin 2 \u00dcbungen pro Jahr organisieren.<\/strong><br>Bern Elektro Material AG M.Sch. Logistik \/Ausbildner Support &amp; Services<\/p>\n<\/div><\/div>\n\n\n\n<hr class=\"wp-block-separator has-alpha-channel-opacity\"\/>\n\n\n\n<div class=\"wp-block-media-text is-stacked-on-mobile\" style=\"grid-template-columns:19% auto\"><figure class=\"wp-block-media-text__media\"><a href=\"https:\/\/www.ihg.com\/holidayinn\/hotels\/de\/de\/bern\/apysz\/hoteldetail\" target=\"_blank\" rel=\"Holiday Inn Bern Westside\"><img loading=\"lazy\" decoding=\"async\" width=\"300\" height=\"286\" src=\"https:\/\/samariterverein-buempliz.ch\/wp-content\/uploads\/holiday-inn-endorsed-logo-digital-core-green-rgb-300x286.png\" alt=\"\" class=\"wp-image-446 size-medium\" srcset=\"https:\/\/samariterverein-buempliz.ch\/wp-content\/uploads\/holiday-inn-endorsed-logo-digital-core-green-rgb-300x286.png 300w, https:\/\/samariterverein-buempliz.ch\/wp-content\/uploads\/holiday-inn-endorsed-logo-digital-core-green-rgb.png 605w\" sizes=\"auto, (max-width: 300px) 100vw, 300px\" \/><\/a><\/figure><div class=\"wp-block-media-text__content\">\n<p>Kurs: Individualkurs<\/p>\n\n\n\n<hr class=\"wp-block-separator has-alpha-channel-opacity\"\/>\n\n\n\n<p class=\"has-small-font-size\"><strong>Feedback:<\/strong><br><strong>Jedes Jahr d\u00fcrfen wir bei uns im Hotel einen Erste-Hilfe-Kurs f\u00fcr unser Personal mit dem Samariterverein durchf\u00fchren. Neben den wichtigen und ernsten Themen gibt es dabei immer viel zu lachen und unser Wissen wird regelm\u00e4ssig aufgefrischt. Ein grosses Dankesch\u00f6n an das motivierte und aufgestellte Team, das uns jedes Jahr begleitet und uns immer wieder vor neue Herausforderungen stellt \ud83d\ude0a<\/strong><br>Holiday Inn Bern Westside \u2013 G.M. Meeting &amp; Event Managerin<\/p>\n<\/div><\/div>\n\n\n\n<hr class=\"wp-block-separator has-alpha-channel-opacity\"\/>\n\n\n\n<div class=\"wp-block-media-text is-stacked-on-mobile\" style=\"grid-template-columns:20% auto\"><figure class=\"wp-block-media-text__media\"><a href=\"https:\/\/www.muezebernwest.ch\/\" target=\"_blank\" rel=\"M\u00fctter Zentrum Bern-West\"><img loading=\"lazy\" decoding=\"async\" width=\"300\" height=\"175\" src=\"https:\/\/samariterverein-buempliz.ch\/wp-content\/uploads\/Logo_MuZe_Blau_1717x1000px-300x175.jpg\" alt=\"\" class=\"wp-image-447 size-medium\" srcset=\"https:\/\/samariterverein-buempliz.ch\/wp-content\/uploads\/Logo_MuZe_Blau_1717x1000px-300x175.jpg 300w, https:\/\/samariterverein-buempliz.ch\/wp-content\/uploads\/Logo_MuZe_Blau_1717x1000px-1024x596.jpg 1024w, https:\/\/samariterverein-buempliz.ch\/wp-content\/uploads\/Logo_MuZe_Blau_1717x1000px-768x447.jpg 768w, https:\/\/samariterverein-buempliz.ch\/wp-content\/uploads\/Logo_MuZe_Blau_1717x1000px-1536x895.jpg 1536w, https:\/\/samariterverein-buempliz.ch\/wp-content\/uploads\/Logo_MuZe_Blau_1717x1000px-1140x664.jpg 1140w, https:\/\/samariterverein-buempliz.ch\/wp-content\/uploads\/Logo_MuZe_Blau_1717x1000px.jpg 1717w\" sizes=\"auto, (max-width: 300px) 100vw, 300px\" \/><\/a><\/figure><div class=\"wp-block-media-text__content\">\n<p>Kurs: Notf\u00e4lle Kinder 0-4 Jahre<\/p>\n\n\n\n<hr class=\"wp-block-separator has-alpha-channel-opacity\"\/>\n\n\n\n<p class=\"has-small-font-size\"><strong>Feedback:<\/strong><br><strong>\u00abDie Kursleiterin war nicht nur in fachlicher Hinsicht sehr kompetent, sondern sie vermittelte die Inhalte in einer klaren, einfachen und f\u00fcr alle Teilnehmerinnen gut verst\u00e4ndlichen Sprache. Dies verbunden mit einer grossen Portion Freundlichkeit und Humor. Herzlichen Dank!\u00bb<\/strong><br>M\u00fctterzentrum Bern-West \u2013 R.St. Betriebsleitung<\/p>\n<\/div><\/div>\n\n\n\n<hr class=\"wp-block-separator has-alpha-channel-opacity\"\/>\n\n\n\n<div class=\"wp-block-media-text is-stacked-on-mobile\" style=\"grid-template-columns:20% auto\"><figure class=\"wp-block-media-text__media\"><a href=\"https:\/\/www.ursrothcoag.ch\/\" target=\"_blank\" rel=\"Urs Roth AG\"><img loading=\"lazy\" decoding=\"async\" width=\"156\" height=\"163\" src=\"https:\/\/samariterverein-buempliz.ch\/wp-content\/uploads\/UrsRothLogo.jpg\" alt=\"\" class=\"wp-image-449 size-full\"\/><\/a><\/figure><div class=\"wp-block-media-text__content\">\n<p>Kurs: Individualkurs<\/p>\n\n\n\n<p><\/p>\n<\/div><\/div>\n\n\n\n<hr class=\"wp-block-separator has-alpha-channel-opacity\"\/>\n\n\n\n<p class=\"has-large-font-size\"><strong>SV Group <\/strong><\/p>\n\n\n\n<p class=\"has-small-font-size\"><strong>Feedback:<\/strong><br><strong>Seit einigen Jahren bietet der Samariterverein B\u00fcmpliz Erste Hilfe-Schulungen bei uns an. Die Kursleiterin versteht es, die Theorie anschaulich zu vermitteln und unsere Teilnehmenden wenden das Gelernte in praktischen \u00dcbungen direkt an. Vielen Dank f\u00fcr die gute Zusammenarbeit!<br><\/strong>SV Schweiz, Ch.H. Training &amp; Development<\/p>\n\n\n\n<hr class=\"wp-block-separator has-alpha-channel-opacity\"\/>\n\n\n\n<div class=\"wp-block-media-text is-stacked-on-mobile\" style=\"grid-template-columns:20% auto\"><figure class=\"wp-block-media-text__media\"><a href=\"https:\/\/www.deltaww.com\/en-US\/index\" target=\"_blank\" rel=\" noreferrer noopener\"><img loading=\"lazy\" decoding=\"async\" width=\"937\" height=\"289\" src=\"https:\/\/samariterverein-buempliz.ch\/wp-content\/uploads\/Delta_Corporate_Logo_Blue.png\" alt=\"\" class=\"wp-image-472 size-full\" srcset=\"https:\/\/samariterverein-buempliz.ch\/wp-content\/uploads\/Delta_Corporate_Logo_Blue.png 937w, https:\/\/samariterverein-buempliz.ch\/wp-content\/uploads\/Delta_Corporate_Logo_Blue-300x93.png 300w, https:\/\/samariterverein-buempliz.ch\/wp-content\/uploads\/Delta_Corporate_Logo_Blue-768x237.png 768w\" sizes=\"auto, (max-width: 937px) 100vw, 937px\" \/><\/a><\/figure><div class=\"wp-block-media-text__content\">\n<p>Kurs: BLS AED SRC sowie Individualkurs<\/p>\n\n\n\n<hr class=\"wp-block-separator has-alpha-channel-opacity\"\/>\n\n\n\n<p class=\"has-small-font-size\">Feedback:<br><strong>Die Kurse verbinden theoretisches Wissen mit praxisnahen \u00dcbungen und sind dadurch besonders wertvoll. Die Kursleitung \u00fcberzeugt durch hohe Fachkompetenz und gestaltet die Schulungen in einer lockeren und angenehmen Atmosph\u00e4re, wodurch die Kurse sehr lehrreich und kurzweilig sind.<\/strong> <br><strong>Von unseren Mitarbeitenden erhalten wir durchwegs sehr positive R\u00fcckmeldungen. Aufgrund dieser guten Erfahrungen werden wir auch k\u00fcnftig gerne weitere Kurse buchen.<\/strong><\/p>\n\n\n\n<p class=\"has-small-font-size\">Delta Electronics, R.F. HR Manager<\/p>\n<\/div><\/div>\n\n\n\n<hr class=\"wp-block-separator has-alpha-channel-opacity\"\/>\n\n\n\n<div class=\"wp-block-media-text is-stacked-on-mobile\" style=\"grid-template-columns:20% auto\"><figure class=\"wp-block-media-text__media\"><a href=\"https:\/\/umbauservice.ch\/\" target=\"_blank\" rel=\" noreferrer noopener\"><img loading=\"lazy\" decoding=\"async\" width=\"300\" height=\"138\" src=\"https:\/\/samariterverein-buempliz.ch\/wp-content\/uploads\/UB-Logo.png\" alt=\"\" class=\"wp-image-474 size-full\"\/><\/a><\/figure><div class=\"wp-block-media-text__content\">\n<p>Kurs: Individualkurs<\/p>\n\n\n\n<hr class=\"wp-block-separator has-alpha-channel-opacity\"\/>\n\n\n\n<p class=\"has-small-font-size\">Feedback:<br><strong>Ich darf Ihnen im Namen unserer Gesch\u00e4ftsleitung sowie des gesamten Teams herzlich Dank aussprechen f\u00fcr Ihr tolles Engagement und den sehr lehrreichen Kurs. Sie haben diesen sehr kompetent, mit Humor und Gef\u00fchl f\u00fcr unsere Leute vom Bau geleitet und Ihnen viel neues Wissen mit auf den Weg gegeben. Absolut zu empfehlen.<\/strong><br><strong>Wir werden bestimmt zur\u00fcckkommen! Nochmals herzlichen Dank und dem Samariterverein weiterhin viel Erfolg.<\/strong><br>Umbau Service AG S.V.D. Administration<\/p>\n<\/div><\/div>\n\n\n\n<hr class=\"wp-block-separator has-alpha-channel-opacity\"\/>\n\n\n\n<div class=\"wp-block-media-text is-stacked-on-mobile\" style=\"grid-template-columns:20% auto\"><figure class=\"wp-block-media-text__media\"><a class=\"\" href=\"https:\/\/www.landguet.ch\/\" target=\"_blank\" rel=\"https:\/\/www.landguet.ch\/  noreferrer noopener\"><img loading=\"lazy\" decoding=\"async\" width=\"426\" height=\"118\" src=\"https:\/\/samariterverein-buempliz.ch\/wp-content\/uploads\/Landguet-Ried.png\" alt=\"\" class=\"wp-image-478 size-full\" srcset=\"https:\/\/samariterverein-buempliz.ch\/wp-content\/uploads\/Landguet-Ried.png 426w, https:\/\/samariterverein-buempliz.ch\/wp-content\/uploads\/Landguet-Ried-300x83.png 300w\" sizes=\"auto, (max-width: 426px) 100vw, 426px\" \/><\/a><\/figure><div class=\"wp-block-media-text__content\">\n<p>Kurs: Individualkurs in Englisch\/Deutsch<\/p>\n\n\n\n<hr class=\"wp-block-separator has-alpha-channel-opacity\"\/>\n\n\n\n<p class=\"has-small-font-size\">Feedback:<br><strong>Das Retreatzentrum und Seminarhaus Landguet Ried beherbergt vor den Toren Berns an 365 Tagen pro Jahr Kursgruppen und Einzelg\u00e4ste. Einige der 20 Mitarbeitenden waren mit Erster Hilfe vertraut, andere haben seit der Autopr\u00fcfung vor 30-40 Jahren keine Weiterbildung mehr gehabt oder hatten noch nie einen Defibrilator bedient. <\/strong><br><strong>Der Kursleiter Alessandro Chioccarello hat unser Team Schritt f\u00fcr Schritt \u00fcber m\u00f6gliche Gefahren und Ereignisse im Haus und Gel\u00e4nde aufgekl\u00e4rt. Und nach dem theoretischen Teil konnten wir jeweils zu zweit das Reanimieren an Puppen \u00fcben. Der Kursleiter ist auf unsere Fragen empathisch eingegangen und beantwortete diese kompetent und verst\u00e4ndlich. Am Ende des Kurses f\u00fchlten wir uns sicherer f\u00fcr den Fall, dass ein unerwartetes Ereignis eintreffen sollte. Es war auch entlastend zu h\u00f6ren, dass man lieber einmal zu viel und zu fr\u00fch als zu wenig und zu sp\u00e4t die Notfallnummer w\u00e4hlt. <\/strong><br><strong>Gerne werden wir in 2-3 Jahren einen Refresher durchf\u00fchren und k\u00f6nnen den Kurs anderen Unternehmen und Organisationen w\u00e4rmstens weiterempfehlen.<br><\/strong>Landguet Ried, L.N. Gesch\u00e4ftsleiter<\/p>\n<\/div><\/div>\n\n\n\n<hr class=\"wp-block-separator has-alpha-channel-opacity\"\/>\n","protected":false},"excerpt":{"rendered":"<p>Folgende Firmen haben einen Kurs bei uns besucht. Kurs: First Aid Stufe 1 IVR Refresher Kurs: Individualkurs SV Group Feedback:Seit einigen Jahren bietet der Samariterverein B\u00fcmpliz Erste Hilfe-Schulungen bei uns an. Die Kursleiterin versteht es, die Theorie anschaulich zu vermitteln und unsere Teilnehmenden wenden das Gelernte in praktischen \u00dcbungen direkt an. Vielen Dank f\u00fcr die gute Zusammenarbeit!SV Schweiz, Ch.H. Training &amp; Development<\/p>\n","protected":false},"author":3,"featured_media":0,"parent":0,"menu_order":0,"comment_status":"closed","ping_status":"closed","template":"","meta":{"footnotes":""},"class_list":["post-437","page","type-page","status-publish","hentry"],"_links":{"self":[{"href":"https:\/\/samariterverein-buempliz.ch\/index.php\/wp-json\/wp\/v2\/pages\/437","targetHints":{"allow":["GET"]}}],"collection":[{"href":"https:\/\/samariterverein-buempliz.ch\/index.php\/wp-json\/wp\/v2\/pages"}],"about":[{"href":"https:\/\/samariterverein-buempliz.ch\/index.php\/wp-json\/wp\/v2\/types\/page"}],"author":[{"embeddable":true,"href":"https:\/\/samariterverein-buempliz.ch\/index.php\/wp-json\/wp\/v2\/users\/3"}],"replies":[{"embeddable":true,"href":"https:\/\/samariterverein-buempliz.ch\/index.php\/wp-json\/wp\/v2\/comments?post=437"}],"version-history":[{"count":24,"href":"https:\/\/samariterverein-buempliz.ch\/index.php\/wp-json\/wp\/v2\/pages\/437\/revisions"}],"predecessor-version":[{"id":482,"href":"https:\/\/samariterverein-buempliz.ch\/index.php\/wp-json\/wp\/v2\/pages\/437\/revisions\/482"}],"wp:attachment":[{"href":"https:\/\/samariterverein-buempliz.ch\/index.php\/wp-json\/wp\/v2\/media?parent=437"}],"curies":[{"name":"wp","href":"https:\/\/api.w.org\/{rel}","templated":true}]}}