{"id":39,"date":"2023-12-18T17:04:15","date_gmt":"2023-12-18T17:04:15","guid":{"rendered":"https:\/\/wp.samariterverein-buempliz.ch\/?page_id=39"},"modified":"2023-12-18T17:04:15","modified_gmt":"2023-12-18T17:04:15","slug":"online-anmeldung-fuer-unsere-kurse","status":"publish","type":"page","link":"https:\/\/samariterverein-buempliz.ch\/index.php\/online-anmeldung-fuer-unsere-kurse\/","title":{"rendered":"Online Anmeldung f\u00fcr unsere Kurse"},"content":{"rendered":"\n<p>Untenstehend finden Sie unsere aktuellen Kurse<\/p>\n\n\n\n<iframe loading=\"lazy\" src=\"https:\/\/oms.ivr-ias.ch\/OMS\/courselist.xhtml?locid=1462\" width=\"100%\" height=\"1000px\"><\/iframe>\n\n\n\n<h2 class=\"wp-block-heading\">Kursort<\/h2>\n\n\n\n<p><strong>Kursort:\u00a0\u00a0St\u00f6ckackerstrase 116,\u00a03018 Bern\u00a0<\/strong><\/p>\n\n\n\n<p><strong>Direkter&nbsp;Link zu Google Maps mit unserem Standort f\u00fcr die Routenplanung:<br><\/strong><a href=\"https:\/\/maps.app.goo.gl\/h6qeMbbTZUL1QJ767\" target=\"_blank\" rel=\"noreferrer noopener\">Google Maps<\/a><\/p>\n\n\n\n<p><strong>Parkm\u00f6glichkeit:<\/strong><br>Blaue Zone\u00a0\u00a0<\/p>\n\n\n\n<p><strong>Anreise mit \u00d6V:<\/strong><br>Mit dem Tram 7 (B\u00fcmpliz) Haltestelle H\u00f6he,<br>Mit dem Tram 8 (Westside), Haltestelle St\u00f6ckacker<\/p>\n","protected":false},"excerpt":{"rendered":"<p>Untenstehend finden Sie unsere aktuellen Kurse Kursort Kursort:\u00a0\u00a0St\u00f6ckackerstrase 116,\u00a03018 Bern\u00a0 Direkter&nbsp;Link zu Google Maps mit unserem Standort f\u00fcr die Routenplanung:Google Maps Parkm\u00f6glichkeit:Blaue Zone\u00a0\u00a0 Anreise mit \u00d6V:Mit dem Tram 7 (B\u00fcmpliz) Haltestelle H\u00f6he,Mit dem Tram 8 (Westside), Haltestelle St\u00f6ckacker<\/p>\n","protected":false},"author":3,"featured_media":0,"parent":0,"menu_order":0,"comment_status":"closed","ping_status":"closed","template":"","meta":{"footnotes":""},"class_list":["post-39","page","type-page","status-publish","hentry"],"_links":{"self":[{"href":"https:\/\/samariterverein-buempliz.ch\/index.php\/wp-json\/wp\/v2\/pages\/39","targetHints":{"allow":["GET"]}}],"collection":[{"href":"https:\/\/samariterverein-buempliz.ch\/index.php\/wp-json\/wp\/v2\/pages"}],"about":[{"href":"https:\/\/samariterverein-buempliz.ch\/index.php\/wp-json\/wp\/v2\/types\/page"}],"author":[{"embeddable":true,"href":"https:\/\/samariterverein-buempliz.ch\/index.php\/wp-json\/wp\/v2\/users\/3"}],"replies":[{"embeddable":true,"href":"https:\/\/samariterverein-buempliz.ch\/index.php\/wp-json\/wp\/v2\/comments?post=39"}],"version-history":[{"count":1,"href":"https:\/\/samariterverein-buempliz.ch\/index.php\/wp-json\/wp\/v2\/pages\/39\/revisions"}],"predecessor-version":[{"id":40,"href":"https:\/\/samariterverein-buempliz.ch\/index.php\/wp-json\/wp\/v2\/pages\/39\/revisions\/40"}],"wp:attachment":[{"href":"https:\/\/samariterverein-buempliz.ch\/index.php\/wp-json\/wp\/v2\/media?parent=39"}],"curies":[{"name":"wp","href":"https:\/\/api.w.org\/{rel}","templated":true}]}}