{"id":37,"date":"2023-12-18T16:58:55","date_gmt":"2023-12-18T16:58:55","guid":{"rendered":"https:\/\/wp.samariterverein-buempliz.ch\/?page_id=37"},"modified":"2025-01-28T15:55:55","modified_gmt":"2025-01-28T15:55:55","slug":"startseite","status":"publish","type":"page","link":"https:\/\/samariterverein-buempliz.ch\/","title":{"rendered":"STARTSEITE"},"content":{"rendered":"\n<div class=\"wp-block-group is-nowrap is-layout-flex wp-container-core-group-is-layout-ad2f72ca wp-block-group-is-layout-flex\"><ul class=\"wp-block-latest-posts__list is-grid columns-3 has-dates has-author wp-block-latest-posts\"><li><a class=\"wp-block-latest-posts__post-title\" href=\"https:\/\/samariterverein-buempliz.ch\/index.php\/2026\/05\/10\/125-jahre-samariterverein-buempliz\/\">125 Jahre Samariterverein B\u00fcmpliz<\/a><div class=\"wp-block-latest-posts__post-author\">von Adrian H\u00e4nni<\/div><time datetime=\"2026-05-10T10:34:39+00:00\" class=\"wp-block-latest-posts__post-date\">10. Mai 2026<\/time><div class=\"wp-block-latest-posts__post-full-content\"><!-- wp:paragraph -->\n<p>2026 kann der Samariterverein B\u00fcmpliz sein 125-j\u00e4hriges Bestehen feiern. Es sind diverse Aktivit\u00e4ten geplant. <br>Lesen Sie dazu auch die Geschichte unseres Vereines <br><a href=\"https:\/\/samariterverein-buempliz.ch\/index.php\/geschichte-des-vereines\/\" data-type=\"page\" data-id=\"136\">Geschichte des Vereines<\/a><\/p>\n<!-- \/wp:paragraph --><\/div><\/li>\n<\/ul><\/div>\n\n\n\n<iframe loading=\"lazy\" src=\"https:\/\/oms.ivr-ias.ch\/OMS\/courselist.xhtml?locid=1462\" width=\"100%\" height=\"300px\"><\/iframe>\n\n\n\n<p><\/p>\n","protected":false},"excerpt":{"rendered":"","protected":false},"author":3,"featured_media":0,"parent":0,"menu_order":0,"comment_status":"closed","ping_status":"closed","template":"","meta":{"footnotes":""},"class_list":["post-37","page","type-page","status-publish","hentry"],"_links":{"self":[{"href":"https:\/\/samariterverein-buempliz.ch\/index.php\/wp-json\/wp\/v2\/pages\/37","targetHints":{"allow":["GET"]}}],"collection":[{"href":"https:\/\/samariterverein-buempliz.ch\/index.php\/wp-json\/wp\/v2\/pages"}],"about":[{"href":"https:\/\/samariterverein-buempliz.ch\/index.php\/wp-json\/wp\/v2\/types\/page"}],"author":[{"embeddable":true,"href":"https:\/\/samariterverein-buempliz.ch\/index.php\/wp-json\/wp\/v2\/users\/3"}],"replies":[{"embeddable":true,"href":"https:\/\/samariterverein-buempliz.ch\/index.php\/wp-json\/wp\/v2\/comments?post=37"}],"version-history":[{"count":11,"href":"https:\/\/samariterverein-buempliz.ch\/index.php\/wp-json\/wp\/v2\/pages\/37\/revisions"}],"predecessor-version":[{"id":377,"href":"https:\/\/samariterverein-buempliz.ch\/index.php\/wp-json\/wp\/v2\/pages\/37\/revisions\/377"}],"wp:attachment":[{"href":"https:\/\/samariterverein-buempliz.ch\/index.php\/wp-json\/wp\/v2\/media?parent=37"}],"curies":[{"name":"wp","href":"https:\/\/api.w.org\/{rel}","templated":true}]}}