{"id":347,"date":"2025-01-27T19:57:46","date_gmt":"2025-01-27T19:57:46","guid":{"rendered":"https:\/\/samariterverein-buempliz.ch\/?page_id=347"},"modified":"2025-01-27T19:59:58","modified_gmt":"2025-01-27T19:59:58","slug":"kursort","status":"publish","type":"page","link":"https:\/\/samariterverein-buempliz.ch\/index.php\/kursort\/","title":{"rendered":"Kursort"},"content":{"rendered":"\n<h2 class=\"wp-block-heading\">Wo finden unsere Kurse statt:<\/h2>\n\n\n\n<p><strong>Kursort:&nbsp;&nbsp;St\u00f6ckackerstrase 116,&nbsp;3018 Bern&nbsp;<\/strong><\/p>\n\n\n\n<p><strong>Direkter&nbsp;Link zu Google Maps mit unserem Standort f\u00fcr die Routenplanung:<br><\/strong><a href=\"https:\/\/maps.app.goo.gl\/h6qeMbbTZUL1QJ767\" target=\"_blank\" rel=\"noreferrer noopener\">Google Maps<\/a><\/p>\n\n\n\n<p><strong>Parkm\u00f6glichkeit:<\/strong><br>Blaue Zone&nbsp;&nbsp;<\/p>\n\n\n\n<p><strong>Anreise mit \u00d6V:<\/strong><br>Mit dem Tram 7 (B\u00fcmpliz) Haltestelle H\u00f6he<br>Mit dem Tram 8 (Br\u00fcnnen Westside), Haltestelle St\u00f6ckacker<\/p>\n","protected":false},"excerpt":{"rendered":"<p>Wo finden unsere Kurse statt: Kursort:&nbsp;&nbsp;St\u00f6ckackerstrase 116,&nbsp;3018 Bern&nbsp; Direkter&nbsp;Link zu Google Maps mit unserem Standort f\u00fcr die Routenplanung:Google Maps Parkm\u00f6glichkeit:Blaue Zone&nbsp;&nbsp; Anreise mit \u00d6V:Mit dem Tram 7 (B\u00fcmpliz) Haltestelle H\u00f6heMit dem Tram 8 (Br\u00fcnnen Westside), Haltestelle St\u00f6ckacker<\/p>\n","protected":false},"author":3,"featured_media":0,"parent":0,"menu_order":0,"comment_status":"closed","ping_status":"closed","template":"","meta":{"footnotes":""},"class_list":["post-347","page","type-page","status-publish","hentry"],"_links":{"self":[{"href":"https:\/\/samariterverein-buempliz.ch\/index.php\/wp-json\/wp\/v2\/pages\/347","targetHints":{"allow":["GET"]}}],"collection":[{"href":"https:\/\/samariterverein-buempliz.ch\/index.php\/wp-json\/wp\/v2\/pages"}],"about":[{"href":"https:\/\/samariterverein-buempliz.ch\/index.php\/wp-json\/wp\/v2\/types\/page"}],"author":[{"embeddable":true,"href":"https:\/\/samariterverein-buempliz.ch\/index.php\/wp-json\/wp\/v2\/users\/3"}],"replies":[{"embeddable":true,"href":"https:\/\/samariterverein-buempliz.ch\/index.php\/wp-json\/wp\/v2\/comments?post=347"}],"version-history":[{"count":2,"href":"https:\/\/samariterverein-buempliz.ch\/index.php\/wp-json\/wp\/v2\/pages\/347\/revisions"}],"predecessor-version":[{"id":350,"href":"https:\/\/samariterverein-buempliz.ch\/index.php\/wp-json\/wp\/v2\/pages\/347\/revisions\/350"}],"wp:attachment":[{"href":"https:\/\/samariterverein-buempliz.ch\/index.php\/wp-json\/wp\/v2\/media?parent=347"}],"curies":[{"name":"wp","href":"https:\/\/api.w.org\/{rel}","templated":true}]}}