{"id":344,"date":"2025-01-27T19:53:56","date_gmt":"2025-01-27T19:53:56","guid":{"rendered":"https:\/\/samariterverein-buempliz.ch\/?page_id=344"},"modified":"2026-02-07T07:46:52","modified_gmt":"2026-02-07T07:46:52","slug":"kursinhalte","status":"publish","type":"page","link":"https:\/\/samariterverein-buempliz.ch\/index.php\/kursinhalte\/","title":{"rendered":"Kursinhalte"},"content":{"rendered":"\n<p>Folgende Kursinhalte basieren auf den Richtlinien des IVR und Samariter Schweiz<\/p>\n\n\n\n<h2 class=\"wp-block-heading has-text-color has-link-color wp-elements-b6b2d4f65b3ed27a2adc5b0193a74c42\" style=\"color:#ff0000\">BLS-AED-SRC Komplett<\/h2>\n\n\n\n<p><strong>Im Kurs BLS-AED-SRC-Komplett (Generic Provider) erlernen Sie die wichtigsten lebensrettenden Massnahmen zur Wiederbelebung und deren Vertiefung und Anwendung bei Erwachsenen und Kindern in unterschiedlichen Situationen.<\/strong><\/p>\n\n\n\n<details class=\"wp-block-details is-layout-flow wp-block-details-is-layout-flow\"><summary>Weitere Informationen<\/summary>\n<p><strong>Inhalt<\/strong><br>Auf abwechslungsreiche und spielerische Weise trainieren Sie in realistisch nachgestellten Szenen die BLS-AED-Massnahmen bei einem Herzkreislaufstillstand (BLS = Basic Life Support) bei Erwachsenen und Kindern sowie die Anwendung des AED-Ger\u00e4tes (AED = Automatisierter externer Defibrillator). Der Kurs beinhaltet unter anderem folgende Themen:<br>Erkennen und Beurteilen von Notfallsituationen inkl. Herzinfarkt und Schlaganfall<br>Probleml\u00f6sung in Notfallsituationen<br>Bewusstlosenlagerung<br>Handlungsablauf gem\u00e4ss \u00abAlgorithmus BLS-AED-SRC 2021\u00bb<br>Grundfertigkeiten-Training (Erstbeurteilung, Herzdruckmassage, Beatmung, Defibrillation mittels AED bei Erwachsenen und Kindern)<br>Der Unterricht vermittelt auf einfache Art viel praktisches Wissen und basiert auf den aktuellsten Richtlinien f\u00fcr Erste Hilfe.<br><strong>Dauer<\/strong><br>3,5 Stunden<br><strong>Zertifikat<\/strong><br>Nach Abschluss des Kurses erhalten Sie das Kurs-Zertifikat SRC-BLS-AED-Komplett (G\u00fcltigkeit 2 Jahre).<\/p>\n<\/details>\n\n\n\n<p><br><\/p>\n\n\n\n<h2 class=\"wp-block-heading has-text-color has-link-color wp-elements-d745bf7f363fe45030ab371b7e7afc67\" style=\"color:#ff0000\"> First Aid Stufe 1 IVR und Refresher<\/h2>\n\n\n\n<p><strong>Im Kurs First Aid Stufe 1 IVR erlernen Sie die Grundlagen der lebensrettenden Sofortmassnahmen in Notfallsituationen.<\/strong><\/p>\n\n\n\n<p>Der Kurs erm\u00f6glicht es Ihnen, im Alltag, bei der Arbeit oder in der Freizeit, Erste Hilfe zu leisten. Der Kurs beinhaltet auch den Kurs BLS-AED-SRC komplett, sowie den obligatorischen Nothilfekurs f\u00fcr F\u00fchrerausweiserwerbende.<\/p>\n\n\n\n<details class=\"wp-block-details is-layout-flow wp-block-details-is-layout-flow\"><summary>Weitere Informationen<\/summary>\n<p><strong>Inhalt<\/strong><br>Sie lernen und trainieren in einem abwechslungsreichen Kurs in verschiedenen Fallszenarien einfach und verst\u00e4ndlich die Erste-Hilfe-Massnahmen. Der Kurs beinhaltet folgende Themen:<\/p>\n\n\n\n<ul class=\"wp-block-list\">\n<li>\u00dcbersicht verschaffen<\/li>\n\n\n\n<li>Alarmierung<\/li>\n\n\n\n<li>Sicherheit, Schutz und Hygiene<\/li>\n\n\n\n<li>Patientenbeurteilung<\/li>\n\n\n\n<li>Erste Hilfe Massnahmen beim ansprechbaren, bewusstlosen oder leblosen Patienten<\/li>\n\n\n\n<li>Stressbew\u00e4ltigung \/ Motivation zur Hilfeleistung<\/li>\n<\/ul>\n\n\n\n<p><\/p>\n\n\n\n<p><strong>Voraussetzungen<\/strong><br>Keine<\/p>\n\n\n\n<p><strong>Dauer<\/strong><br>14 Stunden<\/p>\n\n\n\n<p><strong>Zertifikat<\/strong><br>Nach Abschluss des Kurses erhalten Sie ein Zertifikat First Aid Stufe 1 IVR (G\u00fcltigkeit 2 Jahre), das Zertifikat BLS-AED-SRC komplett (G\u00fcltigkeit 2 Jahre) sowie das Zertifikat Nothilfekurs (G\u00fcltigkeit 6 Jahre).<\/p>\n\n\n\n<h2 class=\"wp-block-heading\">First Aid Stufe 1 IVR Refresher (inkl. BLS-AED-SRC komplett)<\/h2>\n\n\n\n<p>Dauer 7 Stunden<\/p>\n\n\n\n<p>Im Refresher werden s\u00e4mtliche Themen aus der Grundausbildung kompakt repetiert und somit die Teilnehmer auf den neusten Wissensstand gebracht.<\/p>\n\n\n\n<p><strong>Voraussetzungen<\/strong><br>Das g\u00fcltige Zertifikat Ersthelfer Stufe 1 IVR nicht \u00e4lter als 2 Jahre und das Zertifikat BLS-AED-SRC komplett nicht \u00e4lter als 2 Jahre.<\/p>\n<\/details>\n\n\n\n<p><br><\/p>\n\n\n\n<h2 class=\"wp-block-heading has-text-color has-link-color wp-elements-3c67173c45363a9f87c86a118513818b\" style=\"color:#ff0000\">First Aid Stufe 2 IVR und Refresher<\/h2>\n\n\n\n<p><strong>Im Kurs First Aid Stufe 2 IVR festigen und erweitern Sie Ihr Wissen in Bezug auf Erste-Hilfe Massnahmen bei akuten Erkrankungen oder K\u00f6rpersch\u00e4digung nach einem Unfall. Sie wiederholen Ihre Grundkenntnisse in Sicherheits- und Hygienemassnahmen.<\/strong><\/p>\n\n\n\n<p>Der Kurs erm\u00f6glicht es Ihnen, im Alltag, bei der Arbeit, in der Familie oder in der Freizeit, sicher Erste Hilfe zu leisten. W\u00e4hrend des Kurses werden die Wiederbelebungsmassnahmen repetiert.<\/p>\n\n\n\n<details class=\"wp-block-details is-layout-flow wp-block-details-is-layout-flow\"><summary>Weitere Informationen<\/summary>\n<p><strong>Inhalt<\/strong><\/p>\n\n\n\n<p>Sie lernen und trainieren in einem abwechslungsreichen Kurs in verschiedenen Fallszenarien einfach und verst\u00e4ndlich die Erste Hilfe-Massnahmen. Der Kurs beinhaltet folgende Themen:<\/p>\n\n\n\n<ul class=\"wp-block-list\">\n<li>Repetition der Grundkenntnisse First Aid Stufe 1 IVR<\/li>\n\n\n\n<li>Patientenbeurteilung nach xABCDE und AVPU-Schema<\/li>\n\n\n\n<li>Erste-Hilfe-Massnahmen beim ansprechbaren, bewusstlosen oder leblosen Patienten<\/li>\n\n\n\n<li>Neue Materialen im praktischen Training anwenden (Tourniquet, Augendusche usw.)<\/li>\n\n\n\n<li>Unterst\u00fctzung der verschieden Rettungsorganisationen<\/li>\n<\/ul>\n\n\n\n<p><strong>Zielgruppe<\/strong><br>Alle Personen, die interessiert sind, ihre Fertigkeiten in Erster Hilfe im Alltag sowie f\u00fcr pr\u00e4ventive Massnahmen zu vertiefen und die bereits den Kurs \u00abFirst Aid Stufe 1 IVR\u00bb oder den Kurs&nbsp;\u00abBLS-AED-SRC komplett\u00bb und den \u00abNothilfekurs\u00bb absolviert haben.<\/p>\n\n\n\n<p><strong>Voraussetzungen<\/strong><br>G\u00fcltiges Zertifikat First Aid Stufe 1 IVR (inkl. BLS-AED-SRC komplett) bzw. Refresher Stufe 1 nicht \u00e4lter als 2 Jahre oder g\u00fcltiges Zertifikat BLS-AED-SRC komplett sowie g\u00fcltiger Nothilfekursausweis, nicht \u00e4lter als 2 Jahre.<\/p>\n\n\n\n<p><strong>Dauer<\/strong><br>21 Stunden<\/p>\n\n\n\n<p><strong>Zertifikat<\/strong><br>Nach Abschluss des Kurses erhalten Sie das Zertifikat First Aid Stufe 2 IVR (G\u00fcltigkeit 2 Jahre) sowie das Zertifikat BLS-AED-SRC komplett (G\u00fcltigkeit 2 Jahre).<\/p>\n\n\n\n<h2 class=\"wp-block-heading\">First Aid Stufe 2 IVR Refresher (inkl. BLS-AED-SRC komplett)<\/h2>\n\n\n\n<p>Dauer 7 Stunden<\/p>\n\n\n\n<p>Im Refresher werden s\u00e4mtliche Themen aus der Grundausbildung kompakt repetiert und somit die Teilnehmer auf den neusten Wissensstand gebracht.<\/p>\n\n\n\n<p><strong>Voraussetzungen<\/strong><br>G\u00fcltiges Zertifikat First Aid Stufe 2 IVR nicht \u00e4lter als 2 Jahre sowie g\u00fcltiges Zertifikat BLS-AED-SRC komplett nicht \u00e4lter als 2 Jahre.<\/p>\n<\/details>\n\n\n\n<p><br><\/p>\n\n\n\n<h2 class=\"wp-block-heading has-text-color has-link-color wp-elements-1b4736f659ec2dbec8cee5c5cd1b0794\" style=\"color:#ff0000\">Notf\u00e4lle Kinder 0-4 Jahre<\/h2>\n\n\n\n<p><strong>Im Kurs Notf\u00e4lle Kinder 0-4 Jahre erlernen Sie sicheres Handeln im Umgang mit Kindern in Notfallsituationen.<\/strong><\/p>\n\n\n\n<p>Insbesondere liegt der Fokus des Kurses auf dem korrekten Vorgehen und der Anwendung von Erste-Hilfe-Massnahmen bei ansprechbaren, wie auch bewusstlosen oder leblosen Kindern.<\/p>\n\n\n\n<details class=\"wp-block-details is-layout-flow wp-block-details-is-layout-flow\"><summary>Weitere Informationen<\/summary>\n<p><strong>Inhalt<\/strong><br>Auf abwechslungsreiche und spielerische Weise trainieren Sie anhand realistisch nachgestellter Szenarien die sichere Anwendung Erster-Hilfe-Massnahmen am Kleinkind. Der Kurs beinhaltet unter anderem die folgenden Themen:<\/p>\n\n\n\n<ul class=\"wp-block-list\">\n<li>Alarmierung, Gefahren, Allgemeines Vorgehen in Notfallsituationen<\/li>\n\n\n\n<li>Patientenbeurteilung beim Kleinkind<\/li>\n\n\n\n<li>H\u00e4ufigsten Notf\u00e4lle im Kindesalter<\/li>\n\n\n\n<li>Erste Hilfe Massnahmen bei:<br>&#8211; Atemnot<br>&#8211; Trauma<br>&#8211; Magen-Darm-Trakt<br>&#8211; Wiederbelebung<\/li>\n<\/ul>\n\n\n\n<p>Der Unterricht vermittelt auf einfache Art viel praktisches Wissen und basiert auf den Vorgaben von kibesuisse.<\/p>\n\n\n\n<p><strong>Zielgruppe<\/strong>&nbsp;&nbsp;<br>Eltern, Grosseltern, Gotti und G\u00f6tti<\/p>\n\n\n\n<p><strong>Voraussetzungen<\/strong><br>Keine<\/p>\n\n\n\n<p><strong>Dauer<\/strong><br>6 Stunden<\/p>\n\n\n\n<p><strong>Zertifikat<\/strong><br>Nach Abschluss des Kurses erhalten Sie das Kurs-Zertifikat Notf\u00e4lle bei Kleinkindern von Samariter Schweiz.<\/p>\n<\/details>\n\n\n\n<hr class=\"wp-block-separator has-alpha-channel-opacity\"\/>\n\n\n\n<p>Sie k\u00f6nnen sich f\u00fcr die Kurse unter folgendem Link direkt anmelden:<br><em><a href=\"https:\/\/www.redcross-edu.ch\/de\/\" target=\"_blank\" rel=\"noreferrer noopener\">Anmeldungslink zu Red Cross<\/a><\/em><br>(Im Feld Stichwortsuche &#8222;3018&#8220; eingeben, damit nur unsere Kurse gezeigt werden)&nbsp;<br><\/p>\n\n\n\n<h4 class=\"wp-block-heading has-medium-font-size\"><em><a href=\"http:\/\/www.samariter.ch\/de\/kursangebot\/standardkurse\" target=\"_blank\" rel=\"noreferrer noopener\">Quelle www.samariter.ch<\/a>&nbsp;&nbsp;<\/em><\/h4>\n\n\n\n<p><strong>ACHTUNG<\/strong>: Auf der Seite der Samariter Schweiz werden auch Kurse angezeigt, welche von uns nicht angeboten werden!<br><\/p>\n\n\n\n<p><\/p>\n","protected":false},"excerpt":{"rendered":"<p>Folgende Kursinhalte basieren auf den Richtlinien des IVR und Samariter Schweiz BLS-AED-SRC Komplett Im Kurs BLS-AED-SRC-Komplett (Generic Provider) erlernen Sie die wichtigsten lebensrettenden Massnahmen zur Wiederbelebung und deren Vertiefung und Anwendung bei Erwachsenen und Kindern in unterschiedlichen Situationen. First Aid Stufe 1 IVR und Refresher Im Kurs First Aid Stufe 1 IVR erlernen Sie die Grundlagen der lebensrettenden Sofortmassnahmen in Notfallsituationen. Der Kurs erm\u00f6glicht es Ihnen, im Alltag, bei der Arbeit oder in der Freizeit, Erste Hilfe zu leisten. Der Kurs beinhaltet auch den Kurs BLS-AED-SRC komplett, sowie den obligatorischen Nothilfekurs f\u00fcr F\u00fchrerausweiserwerbende. First Aid Stufe 2 IVR und Refresher Im Kurs First Aid Stufe 2 IVR festigen und erweitern Sie Ihr Wissen in Bezug auf Erste-Hilfe Massnahmen bei akuten Erkrankungen oder K\u00f6rpersch\u00e4digung nach einem Unfall. Sie wiederholen Ihre Grundkenntnisse in Sicherheits- und Hygienemassnahmen. Der Kurs erm\u00f6glicht es Ihnen, im Alltag, bei der Arbeit, in der Familie oder in der Freizeit, sicher Erste Hilfe zu leisten. W\u00e4hrend des Kurses werden die Wiederbelebungsmassnahmen repetiert. Notf\u00e4lle Kinder 0-4 Jahre Im Kurs Notf\u00e4lle Kinder 0-4 Jahre erlernen Sie sicheres Handeln im Umgang mit Kindern in Notfallsituationen. Insbesondere liegt der Fokus des Kurses auf dem korrekten Vorgehen und der Anwendung von Erste-Hilfe-Massnahmen bei ansprechbaren, wie auch bewusstlosen oder leblosen Kindern. Sie k\u00f6nnen sich f\u00fcr die Kurse unter folgendem Link direkt anmelden:Anmeldungslink zu Red Cross(Im Feld Stichwortsuche &#8222;3018&#8220; eingeben, damit nur unsere Kurse gezeigt werden)&nbsp; Quelle www.samariter.ch&nbsp;&nbsp; ACHTUNG: Auf der Seite der Samariter Schweiz werden auch Kurse angezeigt, welche von uns nicht angeboten werden!<\/p>\n","protected":false},"author":3,"featured_media":0,"parent":0,"menu_order":0,"comment_status":"closed","ping_status":"closed","template":"","meta":{"footnotes":""},"class_list":["post-344","page","type-page","status-publish","hentry"],"_links":{"self":[{"href":"https:\/\/samariterverein-buempliz.ch\/index.php\/wp-json\/wp\/v2\/pages\/344","targetHints":{"allow":["GET"]}}],"collection":[{"href":"https:\/\/samariterverein-buempliz.ch\/index.php\/wp-json\/wp\/v2\/pages"}],"about":[{"href":"https:\/\/samariterverein-buempliz.ch\/index.php\/wp-json\/wp\/v2\/types\/page"}],"author":[{"embeddable":true,"href":"https:\/\/samariterverein-buempliz.ch\/index.php\/wp-json\/wp\/v2\/users\/3"}],"replies":[{"embeddable":true,"href":"https:\/\/samariterverein-buempliz.ch\/index.php\/wp-json\/wp\/v2\/comments?post=344"}],"version-history":[{"count":14,"href":"https:\/\/samariterverein-buempliz.ch\/index.php\/wp-json\/wp\/v2\/pages\/344\/revisions"}],"predecessor-version":[{"id":466,"href":"https:\/\/samariterverein-buempliz.ch\/index.php\/wp-json\/wp\/v2\/pages\/344\/revisions\/466"}],"wp:attachment":[{"href":"https:\/\/samariterverein-buempliz.ch\/index.php\/wp-json\/wp\/v2\/media?parent=344"}],"curies":[{"name":"wp","href":"https:\/\/api.w.org\/{rel}","templated":true}]}}