{"id":319,"date":"2025-01-27T19:11:55","date_gmt":"2025-01-27T19:11:55","guid":{"rendered":"https:\/\/samariterverein-buempliz.ch\/?page_id=319"},"modified":"2026-02-06T14:50:22","modified_gmt":"2026-02-06T14:50:22","slug":"firmenkurse","status":"publish","type":"page","link":"https:\/\/samariterverein-buempliz.ch\/index.php\/firmenkurse\/","title":{"rendered":"Firmenkurse"},"content":{"rendered":"\n<p>Wir bieten verschiedene auf Sie zugeschnittene Kurse an.<\/p>\n\n\n\n<p>M\u00f6gliche Inhalte:<br>&#8211; Gefahren erkennen<br>&#8211; Alarmieren<br>&#8211; Patientenzust\u00e4nde<br>&#8211; BLS\/AED<\/p>\n\n\n\n<p>Diese Kurse werden individuell f\u00fcr Sie gestaltet. <\/p>\n\n\n\n<p class=\"has-text-color has-link-color wp-elements-68356b1f1432f5f92ebd6fe0ae265b55\" style=\"color:#ff0000\">Nat\u00fcrlich bieten wir auch die Top Ten, Top Five A und Top Five B Kurse an!<\/p>\n\n\n\n<p class=\"has-black-color has-text-color has-link-color wp-elements-d2a5323c0836b5f06facddea9cc43bf4\">Folgend k\u00f6nnen Sie die entsprechenden Faktenbl\u00e4tter herunterladen<br><\/p>\n\n\n\n<div class=\"wp-block-buttons is-layout-flex wp-block-buttons-is-layout-flex\">\n<div class=\"wp-block-button\"><a class=\"wp-block-button__link has-cyan-bluish-gray-background-color has-background wp-element-button\" href=\"https:\/\/samariterverein-buempliz.ch\/wp-content\/uploads\/Erste-Hilfe-Top-Ten.pdf\" target=\"_blank\" rel=\"noreferrer noopener\">TOP TEN<\/a><\/div>\n\n\n\n<div class=\"wp-block-button\"><a class=\"wp-block-button__link has-cyan-bluish-gray-background-color has-background wp-element-button\" href=\"https:\/\/samariterverein-buempliz.ch\/wp-content\/uploads\/Erste-Hilfe-Top-Five-A.pdf\" target=\"_blank\" rel=\"noreferrer noopener\">TOP FIVE A<\/a><\/div>\n\n\n\n<div class=\"wp-block-button\"><a class=\"wp-block-button__link has-cyan-bluish-gray-background-color has-background wp-element-button\" href=\"https:\/\/samariterverein-buempliz.ch\/wp-content\/uploads\/Erste-Hilfe-Top-Five-B.pdf\" target=\"_blank\" rel=\"noreferrer noopener\">TOP FIVE B<\/a><\/div>\n<\/div>\n\n\n\n<p><\/p>\n\n\n\n<p><br>Bitte beachten Sie die&nbsp;<a href=\"https:\/\/samariterverein-buempliz.ch\/wp-content\/uploads\/AGB-Firmenkurse-ab-01.01.2024.pdf\" target=\"_blank\" rel=\"noreferrer noopener\">AGB f\u00fcr Firmenkurse<\/a><\/p>\n\n\n\n<h2 class=\"wp-block-heading has-medium-font-size\">F\u00fcr weitere Ausk\u00fcnfte:<\/h2>\n\n\n\n<p>Falls Sie Fragen haben bitte kontaktieren Sie uns.<br><\/p>\n\n\n\n<h2 class=\"wp-block-heading has-medium-font-size\">Referenzen:<\/h2>\n\n\n\n<p class=\"has-medium-font-size\"><a href=\"https:\/\/samariterverein-buempliz.ch\/index.php\/referenzen\/\" data-type=\"page\" data-id=\"437\">Hier finden Sie unsere Referenzen<\/a><\/p>\n\n\n<ul class=\"wp-block-latest-posts__list is-grid columns-3 has-dates has-author wp-block-latest-posts\"><\/ul>\n\n\n<p><\/p>\n","protected":false},"excerpt":{"rendered":"<p>Wir bieten verschiedene auf Sie zugeschnittene Kurse an. M\u00f6gliche Inhalte:&#8211; Gefahren erkennen&#8211; Alarmieren&#8211; Patientenzust\u00e4nde&#8211; BLS\/AED Diese Kurse werden individuell f\u00fcr Sie gestaltet. Nat\u00fcrlich bieten wir auch die Top Ten, Top Five A und Top Five B Kurse an! Folgend k\u00f6nnen Sie die entsprechenden Faktenbl\u00e4tter herunterladen Bitte beachten Sie die&nbsp;AGB f\u00fcr Firmenkurse F\u00fcr weitere Ausk\u00fcnfte: Falls Sie Fragen haben bitte kontaktieren Sie uns. Referenzen: Hier finden Sie unsere Referenzen<\/p>\n","protected":false},"author":3,"featured_media":0,"parent":0,"menu_order":0,"comment_status":"closed","ping_status":"closed","template":"","meta":{"footnotes":""},"class_list":["post-319","page","type-page","status-publish","hentry"],"_links":{"self":[{"href":"https:\/\/samariterverein-buempliz.ch\/index.php\/wp-json\/wp\/v2\/pages\/319","targetHints":{"allow":["GET"]}}],"collection":[{"href":"https:\/\/samariterverein-buempliz.ch\/index.php\/wp-json\/wp\/v2\/pages"}],"about":[{"href":"https:\/\/samariterverein-buempliz.ch\/index.php\/wp-json\/wp\/v2\/types\/page"}],"author":[{"embeddable":true,"href":"https:\/\/samariterverein-buempliz.ch\/index.php\/wp-json\/wp\/v2\/users\/3"}],"replies":[{"embeddable":true,"href":"https:\/\/samariterverein-buempliz.ch\/index.php\/wp-json\/wp\/v2\/comments?post=319"}],"version-history":[{"count":19,"href":"https:\/\/samariterverein-buempliz.ch\/index.php\/wp-json\/wp\/v2\/pages\/319\/revisions"}],"predecessor-version":[{"id":458,"href":"https:\/\/samariterverein-buempliz.ch\/index.php\/wp-json\/wp\/v2\/pages\/319\/revisions\/458"}],"wp:attachment":[{"href":"https:\/\/samariterverein-buempliz.ch\/index.php\/wp-json\/wp\/v2\/media?parent=319"}],"curies":[{"name":"wp","href":"https:\/\/api.w.org\/{rel}","templated":true}]}}